{"id":868,"date":"2025-06-23T22:42:31","date_gmt":"2025-06-23T22:42:31","guid":{"rendered":"https:\/\/www.vent-pour-tous.com\/produit\/helia-44\/"},"modified":"2025-06-23T22:51:53","modified_gmt":"2025-06-23T22:51:53","slug":"helia-44","status":"publish","type":"product","link":"https:\/\/www.vent-pour-tous.com\/fr_fr\/produit\/helia-44\/","title":{"rendered":"Helia 44"},"content":{"rendered":"<div style=\"display: flex; gap: 20px; align-items: flex-start;\"><iframe style=\"border: 0;\" src=\"https:\/\/calendar.google.com\/calendar\/embed?src=5105750b5de411545cffee4fbc462ae0cccb7ab239f492534b9427ef7f08adfd%40group.calendar.google.com&#038;ctz=Asia%2FBangkok\" width=\"400\" height=\"300\" frameborder=\"0\" scrolling=\"no\"><br \/>\n<\/iframe><\/p>\n<div style=\"max-width: 500px;\">\n<h3>Notre calendrier<\/h3>\n<p>Ce calendrier vous montre nos disponibilit\u00e9s \u00e0 jour. Veuillez consulter les cr\u00e9neaux libres avant de faire une demande de r\u00e9servation: 7 jours et 6 nuits minimum.<\/p>\n<p>Th\u00e9oule-sur-Mer est un lieu magnifique de la C\u00f4te d&#8217;Azur, dans le sud de la France. On y trouve sans doute certaines des plus belles plages et des vues exceptionnelles sur la M\u00e9diterran\u00e9e. Falaises escarp\u00e9es, grottes et criques offrent un cadre exceptionnel pour une croisi\u00e8re. Louez un bateau dans ce lieu exceptionnel et profitez de vacances inoubliables dans le sud de la France.<\/p>\n<ul class=\"wpuf_customs\">            <li class=\"wpuf-field-data wpuf-field-data-multiple_select\">\n                                    <label>S\u00e9lection multiple:<\/label>\n                                Med            <\/li>\n        <\/ul>","protected":false},"excerpt":{"rendered":"<p>Notre calendrier Ce calendrier vous montre nos disponibilit\u00e9s \u00e0 jour. Veuillez consulter les cr\u00e9neaux libres avant de faire une demande [&hellip;]<\/p>\n","protected":false},"featured_media":865,"template":"","meta":{"_acf_changed":false,"_eb_attr":"","site-sidebar-layout":"default","site-content-layout":"","ast-site-content-layout":"default","site-content-style":"default","site-sidebar-style":"default","ast-global-header-display":"","ast-banner-title-visibility":"","ast-main-header-display":"","ast-hfb-above-header-display":"","ast-hfb-below-header-display":"","ast-hfb-mobile-header-display":"","site-post-title":"","ast-breadcrumbs-content":"","ast-featured-img":"","footer-sml-layout":"","theme-transparent-header-meta":"default","adv-header-id-meta":"","stick-header-meta":"","header-above-stick-meta":"","header-main-stick-meta":"","header-below-stick-meta":"","astra-migrate-meta-layouts":"set","ast-page-background-enabled":"default","ast-page-background-meta":{"desktop":{"background-color":"var(--ast-global-color-5)","background-image":"","background-repeat":"repeat","background-position":"center center","background-size":"auto","background-attachment":"scroll","background-type":"","background-media":"","overlay-type":"","overlay-color":"","overlay-opacity":"","overlay-gradient":""},"tablet":{"background-color":"","background-image":"","background-repeat":"repeat","background-position":"center center","background-size":"auto","background-attachment":"scroll","background-type":"","background-media":"","overlay-type":"","overlay-color":"","overlay-opacity":"","overlay-gradient":""},"mobile":{"background-color":"","background-image":"","background-repeat":"repeat","background-position":"center center","background-size":"auto","background-attachment":"scroll","background-type":"","background-media":"","overlay-type":"","overlay-color":"","overlay-opacity":"","overlay-gradient":""}},"ast-content-background-meta":{"desktop":{"background-color":"var(--ast-global-color-4)","background-image":"","background-repeat":"repeat","background-position":"center center","background-size":"auto","background-attachment":"scroll","background-type":"","background-media":"","overlay-type":"","overlay-color":"","overlay-opacity":"","overlay-gradient":""},"tablet":{"background-color":"var(--ast-global-color-4)","background-image":"","background-repeat":"repeat","background-position":"center center","background-size":"auto","background-attachment":"scroll","background-type":"","background-media":"","overlay-type":"","overlay-color":"","overlay-opacity":"","overlay-gradient":""},"mobile":{"background-color":"var(--ast-global-color-4)","background-image":"","background-repeat":"repeat","background-position":"center center","background-size":"auto","background-attachment":"scroll","background-type":"","background-media":"","overlay-type":"","overlay-color":"","overlay-opacity":"","overlay-gradient":""}}},"product_brand":[],"product_cat":[15,30,34],"product_tag":[],"class_list":{"0":"post-868","1":"product","2":"type-product","3":"status-publish","4":"has-post-thumbnail","6":"product_cat-bateaux","7":"product_cat-catamaran","8":"product_cat-med","9":"pa_type-de-bateau-catamaran","10":"pa_zone-de-navigation-med","11":"desktop-align-left","12":"tablet-align-left","13":"mobile-align-left","15":"first","16":"instock","17":"shipping-taxable","18":"purchasable","19":"product-type-simple"},"acf":[],"_links":{"self":[{"href":"https:\/\/www.vent-pour-tous.com\/fr_fr\/wp-json\/wp\/v2\/product\/868","targetHints":{"allow":["GET"]}}],"collection":[{"href":"https:\/\/www.vent-pour-tous.com\/fr_fr\/wp-json\/wp\/v2\/product"}],"about":[{"href":"https:\/\/www.vent-pour-tous.com\/fr_fr\/wp-json\/wp\/v2\/types\/product"}],"wp:featuredmedia":[{"embeddable":true,"href":"https:\/\/www.vent-pour-tous.com\/fr_fr\/wp-json\/wp\/v2\/media\/865"}],"wp:attachment":[{"href":"https:\/\/www.vent-pour-tous.com\/fr_fr\/wp-json\/wp\/v2\/media?parent=868"}],"wp:term":[{"taxonomy":"product_brand","embeddable":true,"href":"https:\/\/www.vent-pour-tous.com\/fr_fr\/wp-json\/wp\/v2\/product_brand?post=868"},{"taxonomy":"product_cat","embeddable":true,"href":"https:\/\/www.vent-pour-tous.com\/fr_fr\/wp-json\/wp\/v2\/product_cat?post=868"},{"taxonomy":"product_tag","embeddable":true,"href":"https:\/\/www.vent-pour-tous.com\/fr_fr\/wp-json\/wp\/v2\/product_tag?post=868"}],"curies":[{"name":"wp","href":"https:\/\/api.w.org\/{rel}","templated":true}]}}