{"id":841,"date":"2025-06-23T21:13:52","date_gmt":"2025-06-23T21:13:52","guid":{"rendered":"https:\/\/www.vent-pour-tous.com\/produit\/bali-45\/"},"modified":"2025-06-23T22:50:27","modified_gmt":"2025-06-23T22:50:27","slug":"bali-45","status":"publish","type":"product","link":"https:\/\/www.vent-pour-tous.com\/fr_fr\/produit\/bali-45\/","title":{"rendered":"Bali 45"},"content":{"rendered":"<p>Beautiful and bran new boat 4 cabines + 4 heads. that will arrive in our fleet early January 2025<\/p>\n<div style=\"display: flex; gap: 20px; align-items: flex-start;\"><iframe style=\"border: 0;\" src=\"https:\/\/calendar.google.com\/calendar\/embed?src=e84b0202d7e5e26810ba21b23f73e2c4110a3b8a85b68911ae9c318b6d6efd2c%40group.calendar.google.com&#038;ctz=Asia%2FBangkok\" width=\"400\" height=\"300\" frameborder=\"0\" scrolling=\"no\"><br \/>\n<\/iframe><\/p>\n<div style=\"max-width: 500px;\">\n<h3>Notre calendrier<\/h3>\n<p>Ce calendrier vous montre nos disponibilit\u00e9s \u00e0 jour. Veuillez consulter les cr\u00e9neaux libres avant de faire une demande de r\u00e9servation: 7 jours et 6 nuits minimum.<br \/>\nContactez-nous pour plus d&#8217;informations ou pour une demande sp\u00e9cifique.<\/p>\n<\/div>\n<\/div>\n<h4 class=\"h5 mb-4 text-secondary\">Confort<\/h4>\n<div class=\"ms-2 ms-md-5 mb-4\">\n<div class=\"row gy-3\">\n<div class=\"col-12 col-lg-6 d-flex align-items-center text-black\">\n<div>Taud de soleil<\/div>\n<\/div>\n<div class=\"col-12 col-lg-6 d-flex align-items-center text-black\">\n<div>Table<\/div>\n<\/div>\n<div class=\"col-12 col-lg-6 d-flex align-items-center text-black\">\n<div>Draps<\/div>\n<\/div>\n<div class=\"col-12 col-lg-6 d-flex align-items-center text-black\">\n<div>Wifi et internet<\/div>\n<\/div>\n<div class=\"col-12 col-lg-6 d-flex align-items-center text-black\">\n<div>Bain de soleil<\/div>\n<\/div>\n<div class=\"col-12 col-lg-6 d-flex align-items-center text-black\">\n<div>Douche de pont<\/div>\n<\/div>\n<div class=\"col-12 col-lg-6 d-flex align-items-center text-black\">\n<div>Climatisation<\/div>\n<\/div>\n<div class=\"col-12 col-lg-6 d-flex align-items-center text-black\">\n<div>Carr\u00e9 convertible<\/div>\n<\/div>\n<div class=\"col-12 col-lg-6 d-flex align-items-center text-black\">\n<div>Flybridge<\/div>\n<\/div>\n<div class=\"col-12 col-lg-6 d-flex align-items-center text-black\">\n<div>Coussins ext\u00e9rieur<\/div>\n<\/div>\n<div class=\"col-12 col-lg-6 d-flex align-items-center text-black\">\n<div>Serviettes<\/div>\n<\/div>\n<div class=\"col-12 col-lg-6 d-flex align-items-center text-black\">\n<div>Lecteur MP3<\/div>\n<\/div>\n<div class=\"col-12 col-lg-6 d-flex align-items-center text-black\">\n<div>Connexion bluetooth<\/div>\n<\/div>\n<\/div>\n<\/div>\n<h4 class=\"h5 mb-4 text-secondary\">Energie<\/h4>\n<div class=\"ms-2 ms-md-5 mb-4\">\n<div class=\"row gy-3\">\n<div class=\"col-12 col-lg-6 d-flex align-items-center text-black\">\n<div>Prise 220V<\/div>\n<\/div>\n<div class=\"col-12 col-lg-6 d-flex align-items-center text-black\">\n<div>Prise USB<\/div>\n<\/div>\n<div class=\"col-12 col-lg-6 d-flex align-items-center text-black\">\n<div>Panneau solaire<\/div>\n<\/div>\n<div class=\"col-12 col-lg-6 d-flex align-items-center text-black\">\n<div>Groupe \u00e9lectrog\u00e8ne<\/div>\n<\/div>\n<\/div>\n<\/div>\n<ul class=\"wpuf_customs\">            <li class=\"wpuf-field-data wpuf-field-data-multiple_select\">\n                                    <label>S\u00e9lection multiple:<\/label>\n                                Antilles            <\/li>\n        <\/ul>","protected":false},"excerpt":{"rendered":"<p>Beautiful and bran new boat 4 cabines + 4 heads. that will arrive in our fleet early January 2025 Notre [&hellip;]<\/p>\n","protected":false},"featured_media":838,"template":"","meta":{"_acf_changed":false,"_eb_attr":"","site-sidebar-layout":"default","site-content-layout":"","ast-site-content-layout":"default","site-content-style":"default","site-sidebar-style":"default","ast-global-header-display":"","ast-banner-title-visibility":"","ast-main-header-display":"","ast-hfb-above-header-display":"","ast-hfb-below-header-display":"","ast-hfb-mobile-header-display":"","site-post-title":"","ast-breadcrumbs-content":"","ast-featured-img":"","footer-sml-layout":"","theme-transparent-header-meta":"default","adv-header-id-meta":"","stick-header-meta":"","header-above-stick-meta":"","header-main-stick-meta":"","header-below-stick-meta":"","astra-migrate-meta-layouts":"set","ast-page-background-enabled":"default","ast-page-background-meta":{"desktop":{"background-color":"var(--ast-global-color-5)","background-image":"","background-repeat":"repeat","background-position":"center center","background-size":"auto","background-attachment":"scroll","background-type":"","background-media":"","overlay-type":"","overlay-color":"","overlay-opacity":"","overlay-gradient":""},"tablet":{"background-color":"","background-image":"","background-repeat":"repeat","background-position":"center center","background-size":"auto","background-attachment":"scroll","background-type":"","background-media":"","overlay-type":"","overlay-color":"","overlay-opacity":"","overlay-gradient":""},"mobile":{"background-color":"","background-image":"","background-repeat":"repeat","background-position":"center center","background-size":"auto","background-attachment":"scroll","background-type":"","background-media":"","overlay-type":"","overlay-color":"","overlay-opacity":"","overlay-gradient":""}},"ast-content-background-meta":{"desktop":{"background-color":"var(--ast-global-color-4)","background-image":"","background-repeat":"repeat","background-position":"center center","background-size":"auto","background-attachment":"scroll","background-type":"","background-media":"","overlay-type":"","overlay-color":"","overlay-opacity":"","overlay-gradient":""},"tablet":{"background-color":"var(--ast-global-color-4)","background-image":"","background-repeat":"repeat","background-position":"center center","background-size":"auto","background-attachment":"scroll","background-type":"","background-media":"","overlay-type":"","overlay-color":"","overlay-opacity":"","overlay-gradient":""},"mobile":{"background-color":"var(--ast-global-color-4)","background-image":"","background-repeat":"repeat","background-position":"center center","background-size":"auto","background-attachment":"scroll","background-type":"","background-media":"","overlay-type":"","overlay-color":"","overlay-opacity":"","overlay-gradient":""}}},"product_brand":[],"product_cat":[33,15,30],"product_tag":[],"class_list":{"0":"post-841","1":"product","2":"type-product","3":"status-publish","4":"has-post-thumbnail","6":"product_cat-antilles","7":"product_cat-bateaux","8":"product_cat-catamaran","9":"pa_type-de-bateau-catamaran","10":"pa_zone-de-navigation-antilles","11":"desktop-align-left","12":"tablet-align-left","13":"mobile-align-left","15":"first","16":"instock","17":"shipping-taxable","18":"purchasable","19":"product-type-simple"},"acf":[],"_links":{"self":[{"href":"https:\/\/www.vent-pour-tous.com\/fr_fr\/wp-json\/wp\/v2\/product\/841","targetHints":{"allow":["GET"]}}],"collection":[{"href":"https:\/\/www.vent-pour-tous.com\/fr_fr\/wp-json\/wp\/v2\/product"}],"about":[{"href":"https:\/\/www.vent-pour-tous.com\/fr_fr\/wp-json\/wp\/v2\/types\/product"}],"wp:featuredmedia":[{"embeddable":true,"href":"https:\/\/www.vent-pour-tous.com\/fr_fr\/wp-json\/wp\/v2\/media\/838"}],"wp:attachment":[{"href":"https:\/\/www.vent-pour-tous.com\/fr_fr\/wp-json\/wp\/v2\/media?parent=841"}],"wp:term":[{"taxonomy":"product_brand","embeddable":true,"href":"https:\/\/www.vent-pour-tous.com\/fr_fr\/wp-json\/wp\/v2\/product_brand?post=841"},{"taxonomy":"product_cat","embeddable":true,"href":"https:\/\/www.vent-pour-tous.com\/fr_fr\/wp-json\/wp\/v2\/product_cat?post=841"},{"taxonomy":"product_tag","embeddable":true,"href":"https:\/\/www.vent-pour-tous.com\/fr_fr\/wp-json\/wp\/v2\/product_tag?post=841"}],"curies":[{"name":"wp","href":"https:\/\/api.w.org\/{rel}","templated":true}]}}