{"id":541,"date":"2025-06-22T20:28:25","date_gmt":"2025-06-22T20:28:25","guid":{"rendered":"https:\/\/www.vent-pour-tous.com\/produit\/lagoon-450-f\/"},"modified":"2025-06-24T16:02:20","modified_gmt":"2025-06-24T16:02:20","slug":"lagoon-450-f","status":"publish","type":"product","link":"https:\/\/www.vent-pour-tous.com\/fr_fr\/produit\/lagoon-450-f\/","title":{"rendered":"Lagoon 450 F"},"content":{"rendered":"<p>Luxe et \u00c9vasion aux Exumas, Tout Inclus<\/p>\n<div style=\"display: flex; gap: 20px; align-items: flex-start;\"><iframe style=\"border: 0;\" src=\"https:\/\/calendar.google.com\/calendar\/embed?src=451548290ab9874038319a045861e51a04253ba4546fa520036e9c1fc7c7fd1b%40group.calendar.google.com&amp;ctz=Asia%2FBangkok\" width=\"400\" height=\"300\" frameborder=\"0\" scrolling=\"no\"><br \/>\n<\/iframe><\/p>\n<div style=\"max-width: 500px;\">\n<h3>Notre calendrier<\/h3>\n<p>Ce calendrier vous montre nos disponibilit\u00e9s \u00e0 jour. Veuillez consulter les cr\u00e9neaux libres avant de faire une demande de r\u00e9servation: 7 jours et 6 nuits minimum.<\/p>\n<p>Contactez-nous pour plus d&#8217;informations ou pour une demande sp\u00e9cifique.<\/p>\n<\/div>\n<\/div>\n<p>Embarquez pour une exp\u00e9rience inoubliable \u00e0 bord d\u2019un somptueux catamaran Lagoon 450F alliant confort, \u00e9l\u00e9gance et performance. Proposant une croisi\u00e8re tout compris, notre catamaran est l\u2019option id\u00e9ale pour explorer les eaux turquoise des Bahamas et des Exumas en toute tranquillit\u00e9.<\/p>\n<p>\u00c0 bord, tout est pris en charge\u00a0: capitaine exp\u00e9riment\u00e9, h\u00f4tesse\/chef, repas gastronomiques, boissons et carburant inclus pour que vous puissiez profiter pleinement de chaque instant.<\/p>\n<p>Laissez-vous guider par un \u00e9quipage passionn\u00e9 \u00e0 la d\u00e9couverte de plages isol\u00e9es, de r\u00e9cifs color\u00e9s et de coins secrets accessibles uniquement par la mer.<\/p>\n<p>Un design innovant pour un confort absolu<br \/>\n\u2728 Pont sup\u00e9rieur\u00a0: Salon sur\u00e9lev\u00e9 et terrasse ensoleill\u00e9e pour admirer l\u2019horizon. \u2728 Espace avant filet\u00a0: Pour prendre l\u2019ap\u00e9ritif au coucher du soleil.<br \/>\n\u2728 Int\u00e9rieur style loft\u00a0: Grand espace ouvert entre l\u2019int\u00e9rieur et l\u2019ext\u00e9rieur pour une sensation de libert\u00e9 totale.<\/p>\n<p>\u00c9quipements haut de gamme \u00e0 bord<br \/>\n\u2714 G\u00e9n\u00e9rateur et panneaux solaires pour une autonomie totale<br \/>\n\u2714 Dessalinisateur pour un acc\u00e8s illimit\u00e9 \u00e0 l\u2019eau douce<br \/>\n\u2714 Cuisine enti\u00e8rement \u00e9quip\u00e9e<br \/>\n\u2714 Connexion Starlink\u00a0: Id\u00e9al pour le t\u00e9l\u00e9travail ou partager vos aventures en temps r\u00e9el<\/p>\n<p>Activit\u00e9s et loisirs<br \/>\nPaddle pour explorer \u00e0 votre rythme<\/p>\n<ul class=\"wpuf_customs\">            <li class=\"wpuf-field-data wpuf-field-data-multiple_select\">\n                                    <label>S\u00e9lection multiple:<\/label>\n                                Bahamas-Belize-Mexique-Panama            <\/li>\n        <\/ul>","protected":false},"excerpt":{"rendered":"<p>Luxe et \u00c9vasion aux Exumas, Tout Inclus<\/p>\n<p>Embarquez pour une exp\u00e9rience inoubliable \u00e0 bord d\u2019un somptueux catamaran Lagoon 450F alliant confort, \u00e9l\u00e9gance et performance. Proposant une croisi\u00e8re tout compris, notre catamaran est l\u2019option id\u00e9ale pour explorer les eaux turquoise des Bahamas et des Exumas en toute tranquillit\u00e9.<\/p>\n<p>\u00c0 bord, tout est pris en charge\u00a0: capitaine exp\u00e9riment\u00e9, h\u00f4tesse\/chef, repas gastronomiques, boissons et carburant inclus pour que vous puissiez profiter pleinement de chaque instant.<\/p>\n<p>Laissez-vous guider par un \u00e9quipage passionn\u00e9 \u00e0 la d\u00e9couverte de plages isol\u00e9es, de r\u00e9cifs color\u00e9s et de coins secrets accessibles uniquement par la mer.<\/p>\n<p>Un design innovant pour un confort absolu<br \/>\n\u2728 Pont sup\u00e9rieur\u00a0: Salon sur\u00e9lev\u00e9 et terrasse ensoleill\u00e9e pour admirer l\u2019horizon. \u2728 Espace avant filet\u00a0: Pour prendre l\u2019ap\u00e9ritif au coucher du soleil.<br \/>\n\u2728 Int\u00e9rieur style loft\u00a0: Grand espace ouvert entre l\u2019int\u00e9rieur et l\u2019ext\u00e9rieur pour une sensation de libert\u00e9 totale.<\/p>\n<p>\u00c9quipements haut de gamme \u00e0 bord<br \/>\n\u2714 G\u00e9n\u00e9rateur et panneaux solaires pour une autonomie totale<br \/>\n\u2714 Dessalinisateur pour un acc\u00e8s illimit\u00e9 \u00e0 l\u2019eau douce<br \/>\n\u2714 Cuisine enti\u00e8rement \u00e9quip\u00e9e<br \/>\n\u2714 Connexion Starlink\u00a0: Id\u00e9al pour le t\u00e9l\u00e9travail ou partager vos aventures en temps r\u00e9el<\/p>\n","protected":false},"featured_media":538,"template":"","meta":{"_acf_changed":false,"_eb_attr":"","site-sidebar-layout":"default","site-content-layout":"","ast-site-content-layout":"default","site-content-style":"default","site-sidebar-style":"default","ast-global-header-display":"","ast-banner-title-visibility":"","ast-main-header-display":"","ast-hfb-above-header-display":"","ast-hfb-below-header-display":"","ast-hfb-mobile-header-display":"","site-post-title":"","ast-breadcrumbs-content":"","ast-featured-img":"","footer-sml-layout":"","theme-transparent-header-meta":"default","adv-header-id-meta":"","stick-header-meta":"","header-above-stick-meta":"","header-main-stick-meta":"","header-below-stick-meta":"","astra-migrate-meta-layouts":"set","ast-page-background-enabled":"default","ast-page-background-meta":{"desktop":{"background-color":"var(--ast-global-color-5)","background-image":"","background-repeat":"repeat","background-position":"center center","background-size":"auto","background-attachment":"scroll","background-type":"","background-media":"","overlay-type":"","overlay-color":"","overlay-opacity":"","overlay-gradient":""},"tablet":{"background-color":"","background-image":"","background-repeat":"repeat","background-position":"center center","background-size":"auto","background-attachment":"scroll","background-type":"","background-media":"","overlay-type":"","overlay-color":"","overlay-opacity":"","overlay-gradient":""},"mobile":{"background-color":"","background-image":"","background-repeat":"repeat","background-position":"center center","background-size":"auto","background-attachment":"scroll","background-type":"","background-media":"","overlay-type":"","overlay-color":"","overlay-opacity":"","overlay-gradient":""}},"ast-content-background-meta":{"desktop":{"background-color":"var(--ast-global-color-4)","background-image":"","background-repeat":"repeat","background-position":"center center","background-size":"auto","background-attachment":"scroll","background-type":"","background-media":"","overlay-type":"","overlay-color":"","overlay-opacity":"","overlay-gradient":""},"tablet":{"background-color":"var(--ast-global-color-4)","background-image":"","background-repeat":"repeat","background-position":"center center","background-size":"auto","background-attachment":"scroll","background-type":"","background-media":"","overlay-type":"","overlay-color":"","overlay-opacity":"","overlay-gradient":""},"mobile":{"background-color":"var(--ast-global-color-4)","background-image":"","background-repeat":"repeat","background-position":"center center","background-size":"auto","background-attachment":"scroll","background-type":"","background-media":"","overlay-type":"","overlay-color":"","overlay-opacity":"","overlay-gradient":""}}},"product_brand":[],"product_cat":[32,15,30],"product_tag":[],"class_list":{"0":"post-541","1":"product","2":"type-product","3":"status-publish","4":"has-post-thumbnail","6":"product_cat-bahamas-belize-mexique-panama","7":"product_cat-bateaux","8":"product_cat-catamaran","9":"pa_type-de-bateau-catamaran","10":"pa_zone-de-navigation-bahamas-belize-mexique-panama","11":"desktop-align-left","12":"tablet-align-left","13":"mobile-align-left","15":"first","16":"instock","17":"shipping-taxable","18":"purchasable","19":"product-type-simple"},"acf":[],"_links":{"self":[{"href":"https:\/\/www.vent-pour-tous.com\/fr_fr\/wp-json\/wp\/v2\/product\/541","targetHints":{"allow":["GET"]}}],"collection":[{"href":"https:\/\/www.vent-pour-tous.com\/fr_fr\/wp-json\/wp\/v2\/product"}],"about":[{"href":"https:\/\/www.vent-pour-tous.com\/fr_fr\/wp-json\/wp\/v2\/types\/product"}],"wp:featuredmedia":[{"embeddable":true,"href":"https:\/\/www.vent-pour-tous.com\/fr_fr\/wp-json\/wp\/v2\/media\/538"}],"wp:attachment":[{"href":"https:\/\/www.vent-pour-tous.com\/fr_fr\/wp-json\/wp\/v2\/media?parent=541"}],"wp:term":[{"taxonomy":"product_brand","embeddable":true,"href":"https:\/\/www.vent-pour-tous.com\/fr_fr\/wp-json\/wp\/v2\/product_brand?post=541"},{"taxonomy":"product_cat","embeddable":true,"href":"https:\/\/www.vent-pour-tous.com\/fr_fr\/wp-json\/wp\/v2\/product_cat?post=541"},{"taxonomy":"product_tag","embeddable":true,"href":"https:\/\/www.vent-pour-tous.com\/fr_fr\/wp-json\/wp\/v2\/product_tag?post=541"}],"curies":[{"name":"wp","href":"https:\/\/api.w.org\/{rel}","templated":true}]}}