{"id":924,"date":"2025-06-24T15:53:02","date_gmt":"2025-06-24T15:53:02","guid":{"rendered":"https:\/\/www.vent-pour-tous.com\/?post_type=product&#038;p=924"},"modified":"2025-06-24T20:04:38","modified_gmt":"2025-06-24T20:04:38","slug":"stage-de-voile","status":"publish","type":"product","link":"https:\/\/www.vent-pour-tous.com\/en\/product\/stage-de-voile\/","title":{"rendered":"Sailing course"},"content":{"rendered":"<p>&nbsp;<\/p>\n<style>\n    body {<br \/>      font-family: sans-serif;<br \/>      margin: 0;<br \/>      padding: 0;<br \/>      background-color: #f2f2f2;<br \/>      color: #333;<br \/>    }<br \/>    header {<br \/>      background-color: #006699;<br \/>      color: white;<br \/>      padding: 20px;<br \/>      text-align: center;<br \/>    }<br \/>    main {<br \/>      padding: 30px;<br \/>      max-width: 800px;<br \/>      margin: auto;<br \/>      background-color: white;<br \/>      box-shadow: 0 0 10px rgba(0,0,0,0.1);<br \/>    }<br \/>    h1, h2 {<br \/>      color: #006699;<br \/>    }<br \/>    section {<br \/>      margin-bottom: 30px;<br \/>    }<br \/>    footer {<br \/>      background-color: #eee;<br \/>      text-align: center;<br \/>      padding: 20px;<br \/>      font-size: 0.9em;<br \/>    }<br \/>    .btn {<br \/>      display: inline-block;<br \/>      background-color: #006699;<br \/>      color: white;<br \/>      padding: 10px 20px;<br \/>      text-decoration: none;<br \/>      border-radius: 4px;<br \/>    }<br \/>  <\/style>\n<p>&nbsp;<\/p>\n<header>\n<h1>Sailing Course \u2013 Initiation &amp; Improvement<\/h1>\n<\/header>\n<p>&nbsp;<\/p>\n<section>\n<h2>Presentation<\/h2>\n<p>Discover sailing or improve your skills aboard a liveaboard sailboat in a friendly and safe environment. Our courses are open to all levels, from beginners to experienced sailors.<\/p>\n<\/section>\n<section>\n<h2>Practical information<\/h2>\n<ul>\n<li class=\"translation-block\"><strong>Duration:<\/strong> 7 days<\/li>\n<li><strong>Tarif :<\/strong> 1000 \u20ac \/ Boat<\/li>\n<li class=\"translation-block\"><strong>Skills:<\/strong> 4 trainees maximum<\/li>\n<li><strong>This course can only be booked in addition to a week of sailing on one of our owner's boats.<\/strong><\/li>\n<\/ul>\n<\/section>\n<section>\n<h2>Program<\/h2>\n<p>Basic maneuvers, safety at sea, coastal navigation, sail trimming, use of GPS and VHF... The program adapts to the level of the group and the weather conditions.<\/p>\n<\/section>\n<p>&nbsp;<\/p>","protected":false},"excerpt":{"rendered":"<p>&nbsp; &nbsp; Stage de Voile &#8211; Initiation &amp; Perfectionnement &nbsp; Pr\u00e9sentation D\u00e9couvrez la voile ou am\u00e9liorez vos comp\u00e9tences \u00e0 bord [&hellip;]<\/p>","protected":false},"featured_media":968,"template":"","meta":{"_acf_changed":false,"_eb_attr":"","site-sidebar-layout":"default","site-content-layout":"","ast-site-content-layout":"default","site-content-style":"default","site-sidebar-style":"default","ast-global-header-display":"","ast-banner-title-visibility":"","ast-main-header-display":"","ast-hfb-above-header-display":"","ast-hfb-below-header-display":"","ast-hfb-mobile-header-display":"","site-post-title":"","ast-breadcrumbs-content":"","ast-featured-img":"","footer-sml-layout":"","theme-transparent-header-meta":"default","adv-header-id-meta":"","stick-header-meta":"","header-above-stick-meta":"","header-main-stick-meta":"","header-below-stick-meta":"","astra-migrate-meta-layouts":"set","ast-page-background-enabled":"default","ast-page-background-meta":{"desktop":{"background-color":"var(--ast-global-color-5)","background-image":"","background-repeat":"repeat","background-position":"center center","background-size":"auto","background-attachment":"scroll","background-type":"","background-media":"","overlay-type":"","overlay-color":"","overlay-opacity":"","overlay-gradient":""},"tablet":{"background-color":"","background-image":"","background-repeat":"repeat","background-position":"center center","background-size":"auto","background-attachment":"scroll","background-type":"","background-media":"","overlay-type":"","overlay-color":"","overlay-opacity":"","overlay-gradient":""},"mobile":{"background-color":"","background-image":"","background-repeat":"repeat","background-position":"center center","background-size":"auto","background-attachment":"scroll","background-type":"","background-media":"","overlay-type":"","overlay-color":"","overlay-opacity":"","overlay-gradient":""}},"ast-content-background-meta":{"desktop":{"background-color":"var(--ast-global-color-4)","background-image":"","background-repeat":"repeat","background-position":"center center","background-size":"auto","background-attachment":"scroll","background-type":"","background-media":"","overlay-type":"","overlay-color":"","overlay-opacity":"","overlay-gradient":""},"tablet":{"background-color":"var(--ast-global-color-4)","background-image":"","background-repeat":"repeat","background-position":"center center","background-size":"auto","background-attachment":"scroll","background-type":"","background-media":"","overlay-type":"","overlay-color":"","overlay-opacity":"","overlay-gradient":""},"mobile":{"background-color":"var(--ast-global-color-4)","background-image":"","background-repeat":"repeat","background-position":"center center","background-size":"auto","background-attachment":"scroll","background-type":"","background-media":"","overlay-type":"","overlay-color":"","overlay-opacity":"","overlay-gradient":""}}},"product_brand":[],"product_cat":[15],"product_tag":[],"class_list":{"0":"post-924","1":"product","2":"type-product","3":"status-publish","4":"has-post-thumbnail","6":"product_cat-bateaux","7":"desktop-align-left","8":"tablet-align-left","9":"mobile-align-left","11":"first","12":"instock","13":"shipping-taxable","14":"purchasable","15":"product-type-simple"},"acf":[],"_links":{"self":[{"href":"https:\/\/www.vent-pour-tous.com\/en\/wp-json\/wp\/v2\/product\/924","targetHints":{"allow":["GET"]}}],"collection":[{"href":"https:\/\/www.vent-pour-tous.com\/en\/wp-json\/wp\/v2\/product"}],"about":[{"href":"https:\/\/www.vent-pour-tous.com\/en\/wp-json\/wp\/v2\/types\/product"}],"wp:featuredmedia":[{"embeddable":true,"href":"https:\/\/www.vent-pour-tous.com\/en\/wp-json\/wp\/v2\/media\/968"}],"wp:attachment":[{"href":"https:\/\/www.vent-pour-tous.com\/en\/wp-json\/wp\/v2\/media?parent=924"}],"wp:term":[{"taxonomy":"product_brand","embeddable":true,"href":"https:\/\/www.vent-pour-tous.com\/en\/wp-json\/wp\/v2\/product_brand?post=924"},{"taxonomy":"product_cat","embeddable":true,"href":"https:\/\/www.vent-pour-tous.com\/en\/wp-json\/wp\/v2\/product_cat?post=924"},{"taxonomy":"product_tag","embeddable":true,"href":"https:\/\/www.vent-pour-tous.com\/en\/wp-json\/wp\/v2\/product_tag?post=924"}],"curies":[{"name":"wp","href":"https:\/\/api.w.org\/{rel}","templated":true}]}}